{"id":1096,"date":"2023-02-23T02:16:38","date_gmt":"2023-02-23T02:16:38","guid":{"rendered":"https:\/\/dwinstore.com\/?product=zeppelin-8gb-ddr4-2400"},"modified":"2026-03-18T01:38:19","modified_gmt":"2026-03-18T01:38:19","slug":"zeppelin-8gb-ddr4-2400","status":"publish","type":"product","link":"https:\/\/dwinstore.com\/?product=zeppelin-8gb-ddr4-2400","title":{"rendered":"Zeppelin 8GB DDR4 2400"},"content":{"rendered":"<p>Color <a title=\"Click here for the filter\" href=\"https:\/\/iponcomp.com\/shop\/group\/pc-accessories\/memory\/488?78=1016\">Yellow<\/a><\/p>\n<p>Vil\u00e1g\u00edt\u00e1s <a title=\"Click here for the filter\" href=\"https:\/\/iponcomp.com\/shop\/group\/pc-accessories\/memory\/488?625=0\">No<\/a><\/p>\n<p>Memory size8 GB<\/p>\n<p>Memory type <a title=\"Click here for the filter\" href=\"https:\/\/iponcomp.com\/shop\/group\/pc-accessories\/memory\/488?40=7282\">DDR4<\/a><\/p>\n<p>Frequency2400 MHz<\/p>\n<p>Cooling block <a title=\"Click here for the filter\" href=\"https:\/\/iponcomp.com\/shop\/group\/pc-accessories\/memory\/488?693=0\">No<\/a><\/p>\n<p>Pieces1 pcs<\/p>\n<p>Manufacturer specific <a title=\"Click here for the filter\" href=\"https:\/\/iponcomp.com\/shop\/group\/pc-accessories\/memory\/488?496=0\">No<\/a><\/p>\n<p>iPon Gamer <a title=\"Click here for the filter\" href=\"https:\/\/iponcomp.com\/shop\/group\/pc-accessories\/memory\/488?545=0\">No<\/a><\/p>\n","protected":false},"excerpt":{"rendered":"<p><strong>ddr4s8-1925<\/strong><\/p>\n","protected":false},"featured_media":1125,"comment_status":"open","ping_status":"closed","template":"","meta":{"_uag_custom_page_level_css":"","site-sidebar-layout":"default","site-content-layout":"default","ast-site-content-layout":"","site-content-style":"","site-sidebar-style":"","ast-global-header-display":"","ast-banner-title-visibility":"","ast-main-header-display":"","ast-hfb-above-header-display":"","ast-hfb-below-header-display":"","ast-hfb-mobile-header-display":"","site-post-title":"","ast-breadcrumbs-content":"","ast-featured-img":"","footer-sml-layout":"","ast-disable-related-posts":"","theme-transparent-header-meta":"default","adv-header-id-meta":"","stick-header-meta":"","header-above-stick-meta":"","header-main-stick-meta":"","header-below-stick-meta":"","astra-migrate-meta-layouts":"","ast-page-background-enabled":"default","ast-page-background-meta":{"desktop":{"background-color":"var(--ast-global-color-4)","background-image":"","background-repeat":"repeat","background-position":"center center","background-size":"auto","background-attachment":"scroll","background-type":"","background-media":"","overlay-type":"","overlay-color":"","overlay-opacity":"","overlay-gradient":""},"tablet":{"background-color":"","background-image":"","background-repeat":"repeat","background-position":"center center","background-size":"auto","background-attachment":"scroll","background-type":"","background-media":"","overlay-type":"","overlay-color":"","overlay-opacity":"","overlay-gradient":""},"mobile":{"background-color":"","background-image":"","background-repeat":"repeat","background-position":"center center","background-size":"auto","background-attachment":"scroll","background-type":"","background-media":"","overlay-type":"","overlay-color":"","overlay-opacity":"","overlay-gradient":""}},"ast-content-background-meta":{"desktop":{"background-color":"var(--ast-global-color-5)","background-image":"","background-repeat":"repeat","background-position":"center center","background-size":"auto","background-attachment":"scroll","background-type":"","background-media":"","overlay-type":"","overlay-color":"","overlay-opacity":"","overlay-gradient":""},"tablet":{"background-color":"var(--ast-global-color-5)","background-image":"","background-repeat":"repeat","background-position":"center center","background-size":"auto","background-attachment":"scroll","background-type":"","background-media":"","overlay-type":"","overlay-color":"","overlay-opacity":"","overlay-gradient":""},"mobile":{"background-color":"var(--ast-global-color-5)","background-image":"","background-repeat":"repeat","background-position":"center center","background-size":"auto","background-attachment":"scroll","background-type":"","background-media":"","overlay-type":"","overlay-color":"","overlay-opacity":"","overlay-gradient":""}},"_themeisle_gutenberg_block_has_review":false,"jetpack_publicize_message":"","jetpack_publicize_feature_enabled":true,"jetpack_social_post_already_shared":false,"jetpack_social_options":{"image_generator_settings":{"template":"highway","default_image_id":0,"font":"","enabled":false},"version":2}},"pwb-brand":[],"product_brand":[],"product_cat":[26],"product_tag":[],"class_list":{"0":"post-1096","1":"product","2":"type-product","3":"status-publish","4":"has-post-thumbnail","6":"product_cat-memory","7":"desktop-align-center","8":"tablet-align-left","9":"mobile-align-left","11":"first","12":"outofstock","13":"shipping-taxable","14":"purchasable","15":"product-type-simple"},"jetpack_publicize_connections":[],"uagb_featured_image_src":{"full":["https:\/\/dwinstore.com\/wp-content\/uploads\/2023\/02\/laptop-1080-X1080-9-1.jpg",1080,1080,false],"thumbnail":["https:\/\/dwinstore.com\/wp-content\/uploads\/2023\/02\/laptop-1080-X1080-9-1-150x150.jpg",150,150,true],"medium":["https:\/\/dwinstore.com\/wp-content\/uploads\/2023\/02\/laptop-1080-X1080-9-1-300x300.jpg",300,300,true],"medium_large":["https:\/\/dwinstore.com\/wp-content\/uploads\/2023\/02\/laptop-1080-X1080-9-1-768x768.jpg",768,768,true],"large":["https:\/\/dwinstore.com\/wp-content\/uploads\/2023\/02\/laptop-1080-X1080-9-1-1024x1024.jpg",1024,1024,true],"1536x1536":["https:\/\/dwinstore.com\/wp-content\/uploads\/2023\/02\/laptop-1080-X1080-9-1.jpg",1080,1080,false],"2048x2048":["https:\/\/dwinstore.com\/wp-content\/uploads\/2023\/02\/laptop-1080-X1080-9-1.jpg",1080,1080,false],"woocommerce_thumbnail":["https:\/\/dwinstore.com\/wp-content\/uploads\/2023\/02\/laptop-1080-X1080-9-1-300x300.jpg",300,300,true],"woocommerce_single":["https:\/\/dwinstore.com\/wp-content\/uploads\/2023\/02\/laptop-1080-X1080-9-1-600x600.jpg",600,600,true],"woocommerce_gallery_thumbnail":["https:\/\/dwinstore.com\/wp-content\/uploads\/2023\/02\/laptop-1080-X1080-9-1-100x100.jpg",100,100,true]},"uagb_author_info":{"display_name":"aldwinarriola@gmail.com","author_link":"https:\/\/dwinstore.com\/?author=0"},"uagb_comment_info":0,"uagb_excerpt":"ddr4s8-1925","jetpack_sharing_enabled":true,"brands":[],"_links":{"self":[{"href":"https:\/\/dwinstore.com\/index.php?rest_route=\/wp\/v2\/product\/1096","targetHints":{"allow":["GET"]}}],"collection":[{"href":"https:\/\/dwinstore.com\/index.php?rest_route=\/wp\/v2\/product"}],"about":[{"href":"https:\/\/dwinstore.com\/index.php?rest_route=\/wp\/v2\/types\/product"}],"replies":[{"embeddable":true,"href":"https:\/\/dwinstore.com\/index.php?rest_route=%2Fwp%2Fv2%2Fcomments&post=1096"}],"version-history":[{"count":1,"href":"https:\/\/dwinstore.com\/index.php?rest_route=\/wp\/v2\/product\/1096\/revisions"}],"predecessor-version":[{"id":1124,"href":"https:\/\/dwinstore.com\/index.php?rest_route=\/wp\/v2\/product\/1096\/revisions\/1124"}],"wp:featuredmedia":[{"embeddable":true,"href":"https:\/\/dwinstore.com\/index.php?rest_route=\/wp\/v2\/media\/1125"}],"wp:attachment":[{"href":"https:\/\/dwinstore.com\/index.php?rest_route=%2Fwp%2Fv2%2Fmedia&parent=1096"}],"wp:term":[{"taxonomy":"pwb-brand","embeddable":true,"href":"https:\/\/dwinstore.com\/index.php?rest_route=%2Fwp%2Fv2%2Fpwb-brand&post=1096"},{"taxonomy":"product_brand","embeddable":true,"href":"https:\/\/dwinstore.com\/index.php?rest_route=%2Fwp%2Fv2%2Fproduct_brand&post=1096"},{"taxonomy":"product_cat","embeddable":true,"href":"https:\/\/dwinstore.com\/index.php?rest_route=%2Fwp%2Fv2%2Fproduct_cat&post=1096"},{"taxonomy":"product_tag","embeddable":true,"href":"https:\/\/dwinstore.com\/index.php?rest_route=%2Fwp%2Fv2%2Fproduct_tag&post=1096"}],"curies":[{"name":"wp","href":"https:\/\/api.w.org\/{rel}","templated":true}]}}